{"id":190,"date":"2018-05-09T14:32:14","date_gmt":"2018-05-09T14:32:14","guid":{"rendered":"https:\/\/correoscorporativos.pe\/empieza\/?page_id=190"},"modified":"2018-05-14T12:17:57","modified_gmt":"2018-05-14T12:17:57","slug":"blog","status":"publish","type":"page","link":"https:\/\/correoscorporativos.pe\/empieza\/blog","title":{"rendered":"Blog"},"content":{"rendered":"<p>[et_pb_section bb_built=\u00bb1&#8243; admin_label=\u00bbHero\u00bb custom_padding_last_edited=\u00bboff|desktop\u00bb _builder_version=\u00bb3.2.2&#8243; background_color=\u00bb#efefef\u00bb background_color_gradient_direction=\u00bb181deg\u00bb custom_padding=\u00bb0||0||false|false\u00bb next_background_color=\u00bb#f9f8fc\u00bb background_color_gradient_start=\u00bb#011e07&#8243; background_color_gradient_end=\u00bb#003f12&#8243;][et_pb_row custom_padding=\u00bb|||\u00bb _builder_version=\u00bb3.2.2&#8243;][et_pb_column type=\u00bb4_4&#8243;][et_pb_text _builder_version=\u00bb3.2.2&#8243; text_font_size=\u00bb70px\u00bb header_font=\u00bb|600||on|||||\u00bb header_font_size=\u00bb70px\u00bb text_orientation=\u00bbcenter\u00bb max_width=\u00bb700px\u00bb module_alignment=\u00bbcenter\u00bb custom_margin=\u00bb|||\u00bb custom_padding=\u00bb|||\u00bb header_text_color=\u00bb#3f3f3f\u00bb]<\/p>\n<h1>Blog<\/h1>\n<p>[\/et_pb_text][\/et_pb_column][\/et_pb_row][\/et_pb_section][et_pb_section bb_built=\u00bb1&#8243; admin_label=\u00bbBlog\u00bb _builder_version=\u00bb3.0.78&#8243; background_color=\u00bb#f9f8fc\u00bb custom_padding=\u00bb22px||100px||false|false\u00bb prev_background_color=\u00bb#efefef\u00bb next_background_color=\u00bb#ffffff\u00bb][et_pb_row _builder_version=\u00bb3.0.78&#8243; background_size=\u00bbinitial\u00bb background_position=\u00bbtop_left\u00bb background_repeat=\u00bbrepeat\u00bb module_alignment=\u00bbcenter\u00bb][et_pb_column type=\u00bb4_4&#8243;][et_pb_blog fullwidth=\u00bboff\u00bb posts_number=\u00bb6&#8243; show_author=\u00bboff\u00bb show_date=\u00bboff\u00bb show_categories=\u00bboff\u00bb _builder_version=\u00bb3.0.98&#8243; header_font=\u00bbPoppins|600||on|||||\u00bb header_text_color=\u00bb#2c3238&#8243; header_font_size=\u00bb14px\u00bb header_line_height=\u00bb1.3em\u00bb body_font=\u00bb||||||||\u00bb body_font_size=\u00bb14px\u00bb body_line_height=\u00bb1.8em\u00bb meta_font=\u00bb||||||||\u00bb meta_text_color=\u00bbrgba(86,86,86,0.54)\u00bb meta_line_height=\u00bb1.8em\u00bb pagination_font=\u00bb||||||||\u00bb border_radii=\u00bbon|8px|8px|8px|8px\u00bb border_width_all=\u00bb0px\u00bb box_shadow_style=\u00bbpreset1&#8243; box_shadow_color=\u00bbrgba(198,198,198,0.3)\u00bb custom_margin=\u00bb|||\u00bb use_dropshadow=\u00bbon\u00bb]<\/p>\n<p>&nbsp;<\/p>\n<p>[\/et_pb_blog][\/et_pb_column][\/et_pb_row][\/et_pb_section][et_pb_section bb_built=\u00bb1&#8243; admin_label=\u00bbTry it Free\u00bb _builder_version=\u00bb3.2.2&#8243; use_background_color_gradient=\u00bbon\u00bb background_color_gradient_start=\u00bb#6a650d\u00bb background_color_gradient_end=\u00bb#f9f1a2&#8243; background_color_gradient_direction=\u00bb60deg\u00bb custom_padding=\u00bb100px|0px|100px|0px\u00bb prev_background_color=\u00bb#f9f8fc\u00bb][et_pb_row _builder_version=\u00bb3.0.98&#8243;][et_pb_column type=\u00bb1_2&#8243;][et_pb_image src=\u00bbhttps:\/\/correoscorporativos.pe\/empieza\/wp-content\/uploads\/2018\/05\/Javier-Silva-DIGITAL-1.png\u00bb _builder_version=\u00bb3.2.2&#8243;]<\/p>\n<p>&nbsp;<\/p>\n<p>[\/et_pb_image][et_pb_text _builder_version=\u00bb3.2.2&#8243; text_font_size=\u00bb16px\u00bb background_layout=\u00bbdark\u00bb]<\/p>\n<blockquote><p><strong>Mi deber es hacer que le saques el jugo a tu\u00a0<span class=\"il\">correo<\/span>\u00a0<span class=\"il\">corporativo<\/span>\u00a0y para eso quiero saber cuales son tus dudas.<\/strong><\/p><\/blockquote>\n<p>Env\u00eda tu consulta a <a href=\"mailto:soporte@correoscorporativos.pe\">soporte@correoscorporativos.pe<\/a> y prometo que me dar\u00e9 un tiempo para responderte, y si tu consulta ayuda a toda nuestra comunidad te har\u00e9 un v\u00eddeo explicando como resolverla.<\/p>\n<p>[\/et_pb_text][\/et_pb_column][et_pb_column type=\u00bb1_2&#8243;][et_pb_signup activecampaign_list=\u00bb|none\u00bb aweber_list=\u00bb|none\u00bb campaign_monitor_list=\u00bb|none\u00bb constant_contact_list=\u00bb|none\u00bb convertkit_list=\u00bb|none\u00bb emma_list=\u00bb|none\u00bb feedblitz_list=\u00bb|none\u00bb getresponse_list=\u00bb|none\u00bb hubspot_list=\u00bb|none\u00bb icontact_list=\u00bb|none\u00bb infusionsoft_list=\u00bb|none\u00bb madmimi_list=\u00bb|none\u00bb mailchimp_list=\u00bb|null\u00bb mailerlite_list=\u00bb|none\u00bb mailpoet_list=\u00bb|none\u00bb mailster_list=\u00bb|none\u00bb ontraport_list=\u00bb|none\u00bb salesforce_list=\u00bb|none\u00bb sendinblue_list=\u00bb|none\u00bb name_field=\u00bbon\u00bb success_action=\u00bbredirect\u00bb success_redirect_url=\u00bbgracias\u00bb title=\u00bbQuiero recibir Novedades\u00bb button_text=\u00bbSuscribirme\u00bb _builder_version=\u00bb3.2.2&#8243; header_font=\u00bbPoppins||||||||\u00bb header_font_size=\u00bb36px\u00bb header_line_height=\u00bb1.4em\u00bb use_background_color=\u00bboff\u00bb border_radii_fields=\u00bbon|100px|100px|100px|100px\u00bb custom_button=\u00bbon\u00bb button_text_size=\u00bb14px\u00bb button_text_color=\u00bb#ffffff\u00bb button_bg_color=\u00bb#182819&#8243; button_border_width=\u00bb6px\u00bb button_border_color=\u00bb#182819&#8243; button_border_radius=\u00bb100px\u00bb button_letter_spacing=\u00bb1px\u00bb button_font=\u00bbPoppins|600||on|||||\u00bb button_use_icon=\u00bboff\u00bb button_letter_spacing_last_edited=\u00bbon|desktop\u00bb text_orientation=\u00bbcenter\u00bb animation_style=\u00bbfade\u00bb locked=\u00bboff\u00bb]<\/p>\n<p>&nbsp;<\/p>\n<p>[\/et_pb_signup][et_pb_text _builder_version=\u00bb3.0.98&#8243; text_font=\u00bb||||||||\u00bb text_orientation=\u00bbcenter\u00bb background_layout=\u00bbdark\u00bb]<\/p>\n<p>We promise we don&#8217;t send spam<\/p>\n<p>[\/et_pb_text][\/et_pb_column][\/et_pb_row][\/et_pb_section]<\/p>\n","protected":false},"excerpt":{"rendered":"<p>Blog &nbsp; &nbsp; Mi deber es hacer que le saques el jugo a tu\u00a0correo\u00a0corporativo\u00a0y para eso quiero saber cuales son tus dudas. Env\u00eda tu consulta a soporte@correoscorporativos.pe y prometo que me dar\u00e9 un tiempo para responderte, y si tu consulta ayuda a toda nuestra comunidad te har\u00e9 un v\u00eddeo explicando como resolverla. &nbsp; We promise [&hellip;]<\/p>\n","protected":false},"author":1,"featured_media":0,"parent":0,"menu_order":0,"comment_status":"closed","ping_status":"closed","template":"","meta":{"_et_pb_use_builder":"on","_et_pb_old_content":"","_et_gb_content_width":"","footnotes":""},"class_list":["post-190","page","type-page","status-publish","hentry"],"_links":{"self":[{"href":"https:\/\/correoscorporativos.pe\/empieza\/wp-json\/wp\/v2\/pages\/190"}],"collection":[{"href":"https:\/\/correoscorporativos.pe\/empieza\/wp-json\/wp\/v2\/pages"}],"about":[{"href":"https:\/\/correoscorporativos.pe\/empieza\/wp-json\/wp\/v2\/types\/page"}],"author":[{"embeddable":true,"href":"https:\/\/correoscorporativos.pe\/empieza\/wp-json\/wp\/v2\/users\/1"}],"replies":[{"embeddable":true,"href":"https:\/\/correoscorporativos.pe\/empieza\/wp-json\/wp\/v2\/comments?post=190"}],"version-history":[{"count":20,"href":"https:\/\/correoscorporativos.pe\/empieza\/wp-json\/wp\/v2\/pages\/190\/revisions"}],"predecessor-version":[{"id":222,"href":"https:\/\/correoscorporativos.pe\/empieza\/wp-json\/wp\/v2\/pages\/190\/revisions\/222"}],"wp:attachment":[{"href":"https:\/\/correoscorporativos.pe\/empieza\/wp-json\/wp\/v2\/media?parent=190"}],"curies":[{"name":"wp","href":"https:\/\/api.w.org\/{rel}","templated":true}]}}