{"id":38,"date":"2017-12-09T05:14:27","date_gmt":"2017-12-09T05:14:27","guid":{"rendered":"https:\/\/correoscorporativos.pe\/empieza\/?page_id=38"},"modified":"2024-09-02T00:04:53","modified_gmt":"2024-09-02T00:04:53","slug":"inicio","status":"publish","type":"page","link":"https:\/\/correoscorporativos.pe\/empieza\/","title":{"rendered":"inicio"},"content":{"rendered":"<p>[et_pb_section fb_built=\u00bb1&#8243; module_id=\u00bbinicio\u00bb _builder_version=\u00bb4.16&#8243; custom_padding=\u00bb0px|0px|0px|0px\u00bb global_colors_info=\u00bb{}\u00bb][et_pb_row _builder_version=\u00bb4.16&#8243; background_size=\u00bbinitial\u00bb background_position=\u00bbtop_left\u00bb background_repeat=\u00bbrepeat\u00bb custom_padding=\u00bb75px|0px|27px|0px\u00bb global_colors_info=\u00bb{}\u00bb][et_pb_column type=\u00bb4_4&#8243; _builder_version=\u00bb4.16&#8243; custom_padding=\u00bb|||\u00bb global_colors_info=\u00bb{}\u00bb custom_padding__hover=\u00bb|||\u00bb][et_pb_text _builder_version=\u00bb4.16&#8243; global_colors_info=\u00bb{}\u00bb]<\/p>\n<h3><strong>\u00a1Bienvenido a Tu Correo Corporativo Premium!<\/strong><\/h3>\n<blockquote><p>Estamos muy emocionados por empezar a trabajar contigo y hemos preparado esta\u00a0<em>gu\u00eda para apoyarte con la creaci\u00f3n y configuraci\u00f3n de tus correos corporativos en distintos gestores de correo y dispositivos<\/em>.<\/p><\/blockquote>\n<p>[\/et_pb_text][et_pb_button button_url=\u00bb#crear\u00bb button_text=\u00bbIniciar\u00bb button_alignment=\u00bbcenter\u00bb _builder_version=\u00bb4.16&#8243; global_colors_info=\u00bb{}\u00bb button_text_size__hover_enabled=\u00bboff\u00bb button_one_text_size__hover_enabled=\u00bboff\u00bb button_two_text_size__hover_enabled=\u00bboff\u00bb button_text_color__hover_enabled=\u00bboff\u00bb button_one_text_color__hover_enabled=\u00bboff\u00bb button_two_text_color__hover_enabled=\u00bboff\u00bb button_border_width__hover_enabled=\u00bboff\u00bb button_one_border_width__hover_enabled=\u00bboff\u00bb button_two_border_width__hover_enabled=\u00bboff\u00bb button_border_color__hover_enabled=\u00bboff\u00bb button_one_border_color__hover_enabled=\u00bboff\u00bb button_two_border_color__hover_enabled=\u00bboff\u00bb button_border_radius__hover_enabled=\u00bboff\u00bb button_one_border_radius__hover_enabled=\u00bboff\u00bb button_two_border_radius__hover_enabled=\u00bboff\u00bb button_letter_spacing__hover_enabled=\u00bboff\u00bb button_one_letter_spacing__hover_enabled=\u00bboff\u00bb button_two_letter_spacing__hover_enabled=\u00bboff\u00bb button_bg_color__hover_enabled=\u00bboff\u00bb button_one_bg_color__hover_enabled=\u00bboff\u00bb button_two_bg_color__hover_enabled=\u00bboff\u00bb][\/et_pb_button][\/et_pb_column][\/et_pb_row][\/et_pb_section][et_pb_section fb_built=\u00bb1&#8243; fullwidth=\u00bbon\u00bb _builder_version=\u00bb4.16&#8243; custom_padding=\u00bb0px|0px|0px|0px\u00bb global_colors_info=\u00bb{}\u00bb][et_pb_fullwidth_header title=\u00bbPaso 1&#8243; subhead=\u00bbCrear Cuentas de Correo\u00bb module_id=\u00bbcrear\u00bb _builder_version=\u00bb4.16&#8243; title_font=\u00bb|on|||\u00bb title_text_align=\u00bbleft\u00bb title_font_size=\u00bb24px\u00bb subhead_font=\u00bb|on|||\u00bb background_color=\u00bbrgba(255, 255, 255, 0)\u00bb background_layout=\u00bblight\u00bb global_colors_info=\u00bb{}\u00bb button_one_text_size__hover_enabled=\u00bboff\u00bb button_two_text_size__hover_enabled=\u00bboff\u00bb button_one_text_color__hover_enabled=\u00bboff\u00bb button_two_text_color__hover_enabled=\u00bboff\u00bb button_one_border_width__hover_enabled=\u00bboff\u00bb button_two_border_width__hover_enabled=\u00bboff\u00bb button_one_border_color__hover_enabled=\u00bboff\u00bb button_two_border_color__hover_enabled=\u00bboff\u00bb button_one_border_radius__hover_enabled=\u00bboff\u00bb button_two_border_radius__hover_enabled=\u00bboff\u00bb button_one_letter_spacing__hover_enabled=\u00bboff\u00bb button_two_letter_spacing__hover_enabled=\u00bboff\u00bb button_one_bg_color__hover_enabled=\u00bboff\u00bb button_two_bg_color__hover_enabled=\u00bboff\u00bb]Para crear tus cuentas de correo debes ingresar a tu panel de control cPanel usando los datos de acceso que te enviamos desde soporte@correoscorporativos.pe. El mensaje dec\u00eda \u00ab<em>\u00a1Bienvenido a Correos Corporativos! &#8211; Informaci\u00f3n de tu nueva cuenta\u00bb<\/em>.<br \/>\nB\u00fascalo ahora. Si no lo encuentras por favor dale clic aqu\u00ed para solicitarlos -&gt; <a href=\"http:\/\/bit.ly\/2kG47W6\">http:\/\/bit.ly\/2kG47W6<\/a><br \/>\n[\/et_pb_fullwidth_header][\/et_pb_section][et_pb_section fb_built=\u00bb1&#8243; _builder_version=\u00bb4.16&#8243; custom_padding=\u00bb0px|0px|54px|0px\u00bb global_colors_info=\u00bb{}\u00bb][et_pb_row _builder_version=\u00bb4.16&#8243; background_size=\u00bbinitial\u00bb background_position=\u00bbtop_left\u00bb background_repeat=\u00bbrepeat\u00bb custom_padding=\u00bb0px|0px|0px|0px\u00bb global_colors_info=\u00bb{}\u00bb][et_pb_column type=\u00bb4_4&#8243; _builder_version=\u00bb4.16&#8243; custom_padding=\u00bb|||\u00bb global_colors_info=\u00bb{}\u00bb custom_padding__hover=\u00bb|||\u00bb][et_pb_text _builder_version=\u00bb4.16&#8243; global_colors_info=\u00bb{}\u00bb]<\/p>\n<blockquote><p><strong>Ahora \u00a1Sigamos!<\/strong><\/p><\/blockquote>\n<p>Sigue este v\u00eddeo paso a paso para crear tus cuentas de correo.[\/et_pb_text][et_pb_video src=\u00bbhttps:\/\/youtu.be\/9oJFYmstjtQ\u00bb image_src=\u00bb\/\/i.ytimg.com\/vi\/9oJFYmstjtQ\/hqdefault.jpg\u00bb thumbnail_overlay_color=\u00bbrgba(0,0,0,0.6)\u00bb _builder_version=\u00bb4.16&#8243; global_colors_info=\u00bb{}\u00bb][\/et_pb_video][et_pb_button button_url=\u00bb#configurar\u00bb button_text=\u00bbIr al paso 2&#8243; button_alignment=\u00bbcenter\u00bb _builder_version=\u00bb4.16&#8243; global_colors_info=\u00bb{}\u00bb button_text_size__hover_enabled=\u00bboff\u00bb button_one_text_size__hover_enabled=\u00bboff\u00bb button_two_text_size__hover_enabled=\u00bboff\u00bb button_text_color__hover_enabled=\u00bboff\u00bb button_one_text_color__hover_enabled=\u00bboff\u00bb button_two_text_color__hover_enabled=\u00bboff\u00bb button_border_width__hover_enabled=\u00bboff\u00bb button_one_border_width__hover_enabled=\u00bboff\u00bb button_two_border_width__hover_enabled=\u00bboff\u00bb button_border_color__hover_enabled=\u00bboff\u00bb button_one_border_color__hover_enabled=\u00bboff\u00bb button_two_border_color__hover_enabled=\u00bboff\u00bb button_border_radius__hover_enabled=\u00bboff\u00bb button_one_border_radius__hover_enabled=\u00bboff\u00bb button_two_border_radius__hover_enabled=\u00bboff\u00bb button_letter_spacing__hover_enabled=\u00bboff\u00bb button_one_letter_spacing__hover_enabled=\u00bboff\u00bb button_two_letter_spacing__hover_enabled=\u00bboff\u00bb button_bg_color__hover_enabled=\u00bboff\u00bb button_one_bg_color__hover_enabled=\u00bboff\u00bb button_two_bg_color__hover_enabled=\u00bboff\u00bb][\/et_pb_button][\/et_pb_column][\/et_pb_row][\/et_pb_section][et_pb_section fb_built=\u00bb1&#8243; fullwidth=\u00bbon\u00bb _builder_version=\u00bb4.16&#8243; custom_padding=\u00bb0px|0px|0px|0px\u00bb global_colors_info=\u00bb{}\u00bb][et_pb_fullwidth_header title=\u00bbPaso 2&#8243; subhead=\u00bbConfigurar Cuentas de Correo\u00bb module_id=\u00bbconfigurar\u00bb _builder_version=\u00bb4.16&#8243; title_font=\u00bb|on|||\u00bb title_text_align=\u00bbleft\u00bb title_font_size=\u00bb24px\u00bb subhead_font=\u00bb|on|||\u00bb background_color=\u00bbrgba(255, 255, 255, 0)\u00bb background_layout=\u00bblight\u00bb global_colors_info=\u00bb{}\u00bb button_one_text_size__hover_enabled=\u00bboff\u00bb button_two_text_size__hover_enabled=\u00bboff\u00bb button_one_text_color__hover_enabled=\u00bboff\u00bb button_two_text_color__hover_enabled=\u00bboff\u00bb button_one_border_width__hover_enabled=\u00bboff\u00bb button_two_border_width__hover_enabled=\u00bboff\u00bb button_one_border_color__hover_enabled=\u00bboff\u00bb button_two_border_color__hover_enabled=\u00bboff\u00bb button_one_border_radius__hover_enabled=\u00bboff\u00bb button_two_border_radius__hover_enabled=\u00bboff\u00bb button_one_letter_spacing__hover_enabled=\u00bboff\u00bb button_two_letter_spacing__hover_enabled=\u00bboff\u00bb button_one_bg_color__hover_enabled=\u00bboff\u00bb button_two_bg_color__hover_enabled=\u00bboff\u00bb]Para configurar tus cuentas de correo recuerda que necesitas el usuario y contrase\u00f1a de cada una.\u00a0Si no encuentras tus datos por favor dale clic aqu\u00ed para asignarte una nueva contrase\u00f1a -&gt; <a href=\"http:\/\/bit.ly\/2kG47W6\">http:\/\/bit.ly\/2kG47W6<\/a><\/p>\n<p>&nbsp;<\/p>\n<p>Puedes configurar tus cuentas en cualquiera de los siguientes gestores de correo:<br \/>\n[\/et_pb_fullwidth_header][\/et_pb_section][et_pb_section fb_built=\u00bb1&#8243; _builder_version=\u00bb4.16&#8243; global_colors_info=\u00bb{}\u00bb][et_pb_row column_structure=\u00bb1_4,1_4,1_4,1_4&#8243; _builder_version=\u00bb4.16&#8243; background_size=\u00bbinitial\u00bb background_position=\u00bbtop_left\u00bb background_repeat=\u00bbrepeat\u00bb custom_padding=\u00bb0px|0px|27px|0px\u00bb global_colors_info=\u00bb{}\u00bb][et_pb_column type=\u00bb1_4&#8243; _builder_version=\u00bb4.16&#8243; custom_padding=\u00bb|||\u00bb global_colors_info=\u00bb{}\u00bb custom_padding__hover=\u00bb|||\u00bb][et_pb_blurb title=\u00bbWebmail\u00bb url=\u00bbhttp:\/\/correoscorporativos.pe\/docs\/webmail.pdf\u00bb url_new_window=\u00bbon\u00bb image=\u00bbhttps:\/\/correoscorporativos.pe\/empieza\/wp-content\/uploads\/2017\/12\/webmail-img.png\u00bb module_id=\u00bbwebmail\u00bb _builder_version=\u00bb4.27.0&#8243; header_font=\u00bb|on|||\u00bb header_font_size=\u00bb20&#8243; text_orientation=\u00bbcenter\u00bb animation=\u00bboff\u00bb hover_enabled=\u00bb0&#8243; global_colors_info=\u00bb{}\u00bb sticky_enabled=\u00bb0&#8243;]Todos los correos llegan primero al Webmail. Desde aqu\u00ed puedes enviar y recibir correos usando un navegador web. Descarga la gu\u00eda <a href=\"https:\/\/www.loom.com\/share\/a5e75439226a4824850d36537060947a?sid=26dc6e45-e9b7-4d86-a667-5c766729cee1\" target=\"_blank\" rel=\"noopener noreferrer\">aqu\u00ed<\/a>.[\/et_pb_blurb][\/et_pb_column][et_pb_column type=\u00bb1_4&#8243; _builder_version=\u00bb4.16&#8243; custom_padding=\u00bb|||\u00bb global_colors_info=\u00bb{}\u00bb custom_padding__hover=\u00bb|||\u00bb][et_pb_blurb title=\u00bbOutlook\u00bb url_new_window=\u00bbon\u00bb image=\u00bbhttps:\/\/correoscorporativos.pe\/empieza\/wp-content\/uploads\/2017\/12\/outlook-img.png\u00bb module_id=\u00bboutlook\u00bb _builder_version=\u00bb4.27.0&#8243; header_font=\u00bb|on|||\u00bb header_font_size=\u00bb20&#8243; text_orientation=\u00bbcenter\u00bb animation=\u00bboff\u00bb global_colors_info=\u00bb{}\u00bb]<\/p>\n<p>Microsoft Outlook es la mejor opci\u00f3n para escritorio para enviar y recibir correo. Ac\u00e1 te dejo la gu\u00eda para\u00a0<a href=\"https:\/\/youtu.be\/-1tu_WwNHeg\" target=\"_blank\" rel=\"noopener noreferrer\">Outlook 2016<\/a>.<\/p>\n<p>[\/et_pb_blurb][\/et_pb_column][et_pb_column type=\u00bb1_4&#8243; _builder_version=\u00bb4.16&#8243; custom_padding=\u00bb|||\u00bb global_colors_info=\u00bb{}\u00bb custom_padding__hover=\u00bb|||\u00bb][et_pb_blurb title=\u00bbGmail\u00bb url=\u00bbhttp:\/\/correoscorporativos.pe\/docs\/gmail.pdf\u00bb url_new_window=\u00bbon\u00bb image=\u00bbhttps:\/\/correoscorporativos.pe\/empieza\/wp-content\/uploads\/2017\/12\/gmail-img.png\u00bb module_id=\u00bbgmail\u00bb _builder_version=\u00bb4.27.0&#8243; header_font=\u00bb|on|||\u00bb header_font_size=\u00bb20&#8243; text_orientation=\u00bbcenter\u00bb animation=\u00bboff\u00bb hover_enabled=\u00bb0&#8243; global_colors_info=\u00bb{}\u00bb sticky_enabled=\u00bb0&#8243;]Gmail permite gestionar correos corporativos. Tiene algunas limitaciones pero funciona. En el video dejo mas detalle. Accede a la gu\u00eda <a href=\"https:\/\/www.loom.com\/share\/e06fc1438e744132936eef52a5329347?sid=1fd5a0b5-f6dd-4d1b-ba78-2562efb660d2\" target=\"_blank\" rel=\"noopener noreferrer\">aqu\u00ed<\/a>.[\/et_pb_blurb][\/et_pb_column][et_pb_column type=\u00bb1_4&#8243; _builder_version=\u00bb4.16&#8243; custom_padding=\u00bb|||\u00bb global_colors_info=\u00bb{}\u00bb custom_padding__hover=\u00bb|||\u00bb][et_pb_blurb title=\u00bbMovil\u00bb url_new_window=\u00bbon\u00bb image=\u00bbhttps:\/\/correoscorporativos.pe\/empieza\/wp-content\/uploads\/2017\/12\/movil-img.png\u00bb module_id=\u00bbmovil\u00bb _builder_version=\u00bb4.16&#8243; header_font=\u00bb|on|||\u00bb header_font_size=\u00bb20&#8243; text_orientation=\u00bbcenter\u00bb animation=\u00bboff\u00bb global_colors_info=\u00bb{}\u00bb]Tambi\u00e9n puedes llevar tu correo a todo lugar instal\u00e1ndolo en tu m\u00f3vil. Ac\u00e1 te dejo las gu\u00edas para\u00a0<a href=\"http:\/\/correoscorporativos.pe\/docs\/android.pdf\" target=\"_blank\" rel=\"noopener noreferrer\">Android<\/a> y la gu\u00eda para <a href=\"http:\/\/correoscorporativos.pe\/docs\/IOs.pdf\" target=\"_blank\" rel=\"noopener noreferrer\">IOs<\/a>.<br \/>\n[\/et_pb_blurb][\/et_pb_column][\/et_pb_row][\/et_pb_section]<\/p>\n","protected":false},"excerpt":{"rendered":"<p>\u00a1Bienvenido a Tu Correo Corporativo Premium! Estamos muy emocionados por empezar a trabajar contigo y hemos preparado esta\u00a0gu\u00eda para apoyarte con la creaci\u00f3n y configuraci\u00f3n de tus correos corporativos en distintos gestores de correo y dispositivos. Para crear tus cuentas de correo debes ingresar a tu panel de control cPanel usando los datos de acceso [&hellip;]<\/p>\n","protected":false},"author":1,"featured_media":0,"parent":0,"menu_order":0,"comment_status":"closed","ping_status":"closed","template":"","meta":{"_et_pb_use_builder":"on","_et_pb_old_content":"","_et_gb_content_width":"","footnotes":""},"class_list":["post-38","page","type-page","status-publish","hentry"],"_links":{"self":[{"href":"https:\/\/correoscorporativos.pe\/empieza\/wp-json\/wp\/v2\/pages\/38"}],"collection":[{"href":"https:\/\/correoscorporativos.pe\/empieza\/wp-json\/wp\/v2\/pages"}],"about":[{"href":"https:\/\/correoscorporativos.pe\/empieza\/wp-json\/wp\/v2\/types\/page"}],"author":[{"embeddable":true,"href":"https:\/\/correoscorporativos.pe\/empieza\/wp-json\/wp\/v2\/users\/1"}],"replies":[{"embeddable":true,"href":"https:\/\/correoscorporativos.pe\/empieza\/wp-json\/wp\/v2\/comments?post=38"}],"version-history":[{"count":60,"href":"https:\/\/correoscorporativos.pe\/empieza\/wp-json\/wp\/v2\/pages\/38\/revisions"}],"predecessor-version":[{"id":353,"href":"https:\/\/correoscorporativos.pe\/empieza\/wp-json\/wp\/v2\/pages\/38\/revisions\/353"}],"wp:attachment":[{"href":"https:\/\/correoscorporativos.pe\/empieza\/wp-json\/wp\/v2\/media?parent=38"}],"curies":[{"name":"wp","href":"https:\/\/api.w.org\/{rel}","templated":true}]}}